{"id":12098,"date":"2024-05-22T22:03:39","date_gmt":"2024-05-22T20:03:39","guid":{"rendered":"https:\/\/www.centrointernazionalemontessori.com\/website\/?page_id=12098"},"modified":"2025-10-06T17:11:20","modified_gmt":"2025-10-06T15:11:20","slug":"la-segreteria","status":"publish","type":"page","link":"https:\/\/www.centrointernazionalemontessori.com\/website\/la-segreteria\/","title":{"rendered":"La segreteria"},"content":{"rendered":"\t\t<div data-elementor-type=\"wp-page\" data-elementor-id=\"12098\" class=\"elementor elementor-12098\">\n\t\t\t\t\t\t<section class=\"elementor-section elementor-top-section elementor-element elementor-element-20df7643 elementor-section-stretched elementor-section-boxed elementor-section-height-default elementor-section-height-default\" data-id=\"20df7643\" data-element_type=\"section\" data-e-type=\"section\" data-settings=\"{&quot;stretch_section&quot;:&quot;section-stretched&quot;,&quot;background_background&quot;:&quot;classic&quot;}\">\n\t\t\t\t\t\t<div class=\"elementor-container elementor-column-gap-custom\">\n\t\t\t\t\t<div class=\"elementor-column elementor-col-100 elementor-top-column elementor-element elementor-element-60a33166\" data-id=\"60a33166\" data-element_type=\"column\" data-e-type=\"column\">\n\t\t\t<div class=\"elementor-widget-wrap elementor-element-populated\">\n\t\t\t\t\t\t<div class=\"elementor-element elementor-element-640d8fd5 elementor-widget elementor-widget-thim-ekits-breadcrumb\" data-id=\"640d8fd5\" data-element_type=\"widget\" data-e-type=\"widget\" data-widget_type=\"thim-ekits-breadcrumb.default\">\n\t\t\t\t<div class=\"elementor-widget-container\">\n\t\t\t\t\t\n\t\t\t<div class=\"thim-ekit-breadcrumb\">\n\n\t\t\t\tHome\n\t\t\t<\/div>\n\n\t\t\t\t\t\t\t<\/div>\n\t\t\t\t<\/div>\n\t\t\t\t\t<\/div>\n\t\t<\/div>\n\t\t\t\t\t<\/div>\n\t\t<\/section>\n\t\t\t\t<section class=\"elementor-section elementor-top-section elementor-element elementor-element-6b485077 elementor-section-stretched elementor-section-boxed elementor-section-height-default elementor-section-height-default\" data-id=\"6b485077\" data-element_type=\"section\" data-e-type=\"section\" data-settings=\"{&quot;stretch_section&quot;:&quot;section-stretched&quot;}\">\n\t\t\t\t\t\t<div class=\"elementor-container elementor-column-gap-custom\">\n\t\t\t\t\t<div class=\"elementor-column elementor-col-100 elementor-top-column elementor-element elementor-element-4524789d\" data-id=\"4524789d\" data-element_type=\"column\" data-e-type=\"column\">\n\t\t\t<div class=\"elementor-widget-wrap elementor-element-populated\">\n\t\t\t\t\t\t<div class=\"elementor-element elementor-element-21053775 elementor-widget thim-ekits-heading elementor-widget-thim-heading\" data-id=\"21053775\" data-element_type=\"widget\" data-e-type=\"widget\" data-widget_type=\"thim-heading.default\">\n\t\t\t\t<div class=\"elementor-widget-container\">\n\t\t\t\t\t<div class=\"sc_heading\"><h2 class=\"title\">Competenza e disponibilit\u00e0 <\/h2><\/div>\t\t\t\t<\/div>\n\t\t\t\t<\/div>\n\t\t\t\t<div class=\"elementor-element elementor-element-1996f2a9 elementor-widget__width-initial elementor-widget thim-ekits-heading elementor-widget-thim-heading\" data-id=\"1996f2a9\" data-element_type=\"widget\" data-e-type=\"widget\" data-widget_type=\"thim-heading.default\">\n\t\t\t\t<div class=\"elementor-widget-container\">\n\t\t\t\t\t<div class=\"sc_heading\"><h3 class=\"title\">Direzione <\/h3><\/div>\t\t\t\t<\/div>\n\t\t\t\t<\/div>\n\t\t\t\t<div class=\"elementor-element elementor-element-2bd16b04 thim-ekit-team-default elementor-widget elementor-widget-thim-ekits-team\" data-id=\"2bd16b04\" data-element_type=\"widget\" data-e-type=\"widget\" data-settings=\"{&quot;row_gap&quot;:{&quot;unit&quot;:&quot;px&quot;,&quot;size&quot;:30,&quot;sizes&quot;:[]},&quot;row_gap_tablet&quot;:{&quot;unit&quot;:&quot;px&quot;,&quot;size&quot;:&quot;&quot;,&quot;sizes&quot;:[]},&quot;row_gap_mobile&quot;:{&quot;unit&quot;:&quot;px&quot;,&quot;size&quot;:&quot;&quot;,&quot;sizes&quot;:[]}}\" data-widget_type=\"thim-ekits-team.default\">\n\t\t\t\t<div class=\"elementor-widget-container\">\n\t\t\t\t\t\n\t\t<div class=\"thim-ekit-team\">\n\t\t\t<div class=\"thim-ekit-team__inner\">\n\t\t\t\t\t\t\t\t\t\t<div class=\"thim-ekit-team__article post-12098 page type-page status-publish hentry\">\n\t\t\t\t\t\t\t\t\t<div class=\"thim-ekit-team__thumbnail\">\n\t\t\t\t\t\t<div class=\"thim-ekit-team__image\">\n\t\t\t\t<img fetchpriority=\"high\" decoding=\"async\" width=\"500\" height=\"500\" src=\"https:\/\/www.centrointernazionalemontessori.com\/website\/wp-content\/uploads\/2024\/05\/valeria-mazzetti.jpg\" class=\"attachment-full size-full wp-image-12101\" alt=\"\" srcset=\"https:\/\/www.centrointernazionalemontessori.com\/website\/wp-content\/uploads\/2024\/05\/valeria-mazzetti.jpg 500w, https:\/\/www.centrointernazionalemontessori.com\/website\/wp-content\/uploads\/2024\/05\/valeria-mazzetti-300x300.jpg 300w, https:\/\/www.centrointernazionalemontessori.com\/website\/wp-content\/uploads\/2024\/05\/valeria-mazzetti-150x150.jpg 150w, https:\/\/www.centrointernazionalemontessori.com\/website\/wp-content\/uploads\/2024\/05\/valeria-mazzetti-100x100.jpg 100w\" sizes=\"(max-width: 500px) 100vw, 500px\" \/>\t\t\t<\/div>\n\t\t\t\t\t\t<div class=\"thim-ekit-team__list-social\"><div class=\"thim-ekit-team__social\"><a ><i class=\"fab fa-facebook-f\" aria-hidden=\"true\"><\/i><\/a>\n\t\t\t\t<\/div><\/div>\t\t<\/div>\n\t\t\t\t<div class=\"thim-ekit-team__content\">\n\t\t<div class=\"thim-ekit-team__member-name\">Valeria Mazzetti<\/div>\t\t\t<div class=\"thim-ekit-team__member-position\">\n\t\t\t\tCoordinatrice delle attivit\u00e0 didattiche\t\t\t<\/div>\n\t\t\t\t\t<\/div>\n\t\t\t\t\t\t\t\t<\/div>\n\t\t\t\t\t\t\t\t\t\t\t\t<div class=\"thim-ekit-team__article post-12098 page type-page status-publish hentry\">\n\t\t\t\t\t\t\t\t\t<div class=\"thim-ekit-team__thumbnail\">\n\t\t\t\t\t\t<div class=\"thim-ekit-team__image\">\n\t\t\t\t<img decoding=\"async\" width=\"500\" height=\"500\" src=\"https:\/\/www.centrointernazionalemontessori.com\/website\/wp-content\/uploads\/2024\/05\/azzurra-virgulti.jpg\" class=\"attachment-full size-full wp-image-11814\" alt=\"\" srcset=\"https:\/\/www.centrointernazionalemontessori.com\/website\/wp-content\/uploads\/2024\/05\/azzurra-virgulti.jpg 500w, https:\/\/www.centrointernazionalemontessori.com\/website\/wp-content\/uploads\/2024\/05\/azzurra-virgulti-300x300.jpg 300w, https:\/\/www.centrointernazionalemontessori.com\/website\/wp-content\/uploads\/2024\/05\/azzurra-virgulti-150x150.jpg 150w, https:\/\/www.centrointernazionalemontessori.com\/website\/wp-content\/uploads\/2024\/05\/azzurra-virgulti-100x100.jpg 100w\" sizes=\"(max-width: 500px) 100vw, 500px\" \/>\t\t\t<\/div>\n\t\t\t\t\t\t<div class=\"thim-ekit-team__list-social\"><div class=\"thim-ekit-team__social\"><a ><i class=\"fab fa-facebook-f\" aria-hidden=\"true\"><\/i><\/a>\n\t\t\t\t<\/div><\/div>\t\t<\/div>\n\t\t\t\t<div class=\"thim-ekit-team__content\">\n\t\t<div class=\"thim-ekit-team__member-name\">Azzurra Virgulti<\/div>\t\t\t<div class=\"thim-ekit-team__member-position\">\n\t\t\t\tVice Preside\t\t\t<\/div>\n\t\t\t\t\t<\/div>\n\t\t\t\t\t\t\t\t<\/div>\n\t\t\t\t\t\t\t\t\t<\/div>\n\t\t<\/div>\n\n\t\t\t\t\t\t<\/div>\n\t\t\t\t<\/div>\n\t\t\t\t\t<\/div>\n\t\t<\/div>\n\t\t\t\t\t<\/div>\n\t\t<\/section>\n\t\t\t\t<section class=\"elementor-section elementor-top-section elementor-element elementor-element-663eb69 elementor-section-stretched elementor-section-boxed elementor-section-height-default elementor-section-height-default\" data-id=\"663eb69\" data-element_type=\"section\" data-e-type=\"section\" data-settings=\"{&quot;stretch_section&quot;:&quot;section-stretched&quot;}\">\n\t\t\t\t\t\t<div class=\"elementor-container elementor-column-gap-custom\">\n\t\t\t\t\t<div class=\"elementor-column elementor-col-100 elementor-top-column elementor-element elementor-element-8c8a2f9\" data-id=\"8c8a2f9\" data-element_type=\"column\" data-e-type=\"column\">\n\t\t\t<div class=\"elementor-widget-wrap elementor-element-populated\">\n\t\t\t\t\t\t<div class=\"elementor-element elementor-element-fa3d631 elementor-widget__width-initial elementor-widget thim-ekits-heading elementor-widget-thim-heading\" data-id=\"fa3d631\" data-element_type=\"widget\" data-e-type=\"widget\" data-widget_type=\"thim-heading.default\">\n\t\t\t\t<div class=\"elementor-widget-container\">\n\t\t\t\t\t<div class=\"sc_heading\"><h3 class=\"title\">Segreteria <\/h3><\/div>\t\t\t\t<\/div>\n\t\t\t\t<\/div>\n\t\t\t\t<div class=\"elementor-element elementor-element-7373b4e thim-ekit-team-default elementor-widget elementor-widget-thim-ekits-team\" data-id=\"7373b4e\" data-element_type=\"widget\" data-e-type=\"widget\" data-settings=\"{&quot;row_gap&quot;:{&quot;unit&quot;:&quot;px&quot;,&quot;size&quot;:30,&quot;sizes&quot;:[]},&quot;row_gap_tablet&quot;:{&quot;unit&quot;:&quot;px&quot;,&quot;size&quot;:&quot;&quot;,&quot;sizes&quot;:[]},&quot;row_gap_mobile&quot;:{&quot;unit&quot;:&quot;px&quot;,&quot;size&quot;:&quot;&quot;,&quot;sizes&quot;:[]}}\" data-widget_type=\"thim-ekits-team.default\">\n\t\t\t\t<div class=\"elementor-widget-container\">\n\t\t\t\t\t\n\t\t<div class=\"thim-ekit-team\">\n\t\t\t<div class=\"thim-ekit-team__inner\">\n\t\t\t\t\t\t\t\t\t\t<div class=\"thim-ekit-team__article post-12098 page type-page status-publish hentry\">\n\t\t\t\t\t\t\t\t\t<div class=\"thim-ekit-team__thumbnail\">\n\t\t\t\t\t\t<div class=\"thim-ekit-team__image\">\n\t\t\t\t<img decoding=\"async\" width=\"500\" height=\"500\" src=\"https:\/\/www.centrointernazionalemontessori.com\/website\/wp-content\/uploads\/2024\/05\/marta-betti.jpg\" class=\"attachment-full size-full wp-image-12103\" alt=\"\" srcset=\"https:\/\/www.centrointernazionalemontessori.com\/website\/wp-content\/uploads\/2024\/05\/marta-betti.jpg 500w, https:\/\/www.centrointernazionalemontessori.com\/website\/wp-content\/uploads\/2024\/05\/marta-betti-300x300.jpg 300w, https:\/\/www.centrointernazionalemontessori.com\/website\/wp-content\/uploads\/2024\/05\/marta-betti-150x150.jpg 150w, https:\/\/www.centrointernazionalemontessori.com\/website\/wp-content\/uploads\/2024\/05\/marta-betti-100x100.jpg 100w\" sizes=\"(max-width: 500px) 100vw, 500px\" \/>\t\t\t<\/div>\n\t\t\t\t\t\t<div class=\"thim-ekit-team__list-social\"><div class=\"thim-ekit-team__social\"><a ><i class=\"fab fa-facebook-f\" aria-hidden=\"true\"><\/i><\/a>\n\t\t\t\t<\/div><\/div>\t\t<\/div>\n\t\t\t\t<div class=\"thim-ekit-team__content\">\n\t\t<div class=\"thim-ekit-team__member-name\">Marta Berti<\/div>\t\t\t<div class=\"thim-ekit-team__member-position\">\n\t\t\t\tSegreteria Didattica\t\t\t<\/div>\n\t\t\t\t\t\t<div class=\"thim-ekit-team__member-description\">\n\t\t\t\tCominciate col fare ci\u00f2 che \u00e8 necessario, poi ci\u00f2 che \u00e8 possibile. E all\u2019improvviso vi sorprenderete a fare l\u2019impossibile. (San Francesco d\u2019Assisi)\t\t\t<\/div>\n\t\t\t\t\t<\/div>\n\t\t\t\t\t\t\t\t<\/div>\n\t\t\t\t\t\t\t\t\t\t\t\t<div class=\"thim-ekit-team__article post-12098 page type-page status-publish hentry\">\n\t\t\t\t\t\t\t\t\t<div class=\"thim-ekit-team__thumbnail\">\n\t\t\t\t\t\t<div class=\"thim-ekit-team__image\">\n\t\t\t\t<img loading=\"lazy\" decoding=\"async\" width=\"500\" height=\"500\" src=\"https:\/\/www.centrointernazionalemontessori.com\/website\/wp-content\/uploads\/2024\/05\/tiziana-paolucci.jpg\" class=\"attachment-full size-full wp-image-12102\" alt=\"\" srcset=\"https:\/\/www.centrointernazionalemontessori.com\/website\/wp-content\/uploads\/2024\/05\/tiziana-paolucci.jpg 500w, https:\/\/www.centrointernazionalemontessori.com\/website\/wp-content\/uploads\/2024\/05\/tiziana-paolucci-300x300.jpg 300w, https:\/\/www.centrointernazionalemontessori.com\/website\/wp-content\/uploads\/2024\/05\/tiziana-paolucci-150x150.jpg 150w, https:\/\/www.centrointernazionalemontessori.com\/website\/wp-content\/uploads\/2024\/05\/tiziana-paolucci-100x100.jpg 100w\" sizes=\"(max-width: 500px) 100vw, 500px\" \/>\t\t\t<\/div>\n\t\t\t\t\t\t<div class=\"thim-ekit-team__list-social\"><div class=\"thim-ekit-team__social\"><a ><i class=\"fab fa-facebook-f\" aria-hidden=\"true\"><\/i><\/a>\n\t\t\t\t<\/div><\/div>\t\t<\/div>\n\t\t\t\t<div class=\"thim-ekit-team__content\">\n\t\t<div class=\"thim-ekit-team__member-name\">Tiziana Paolucci<\/div>\t\t\t<div class=\"thim-ekit-team__member-position\">\n\t\t\t\tSegreteria Contabile\t\t\t<\/div>\n\t\t\t\t\t\t<div class=\"thim-ekit-team__member-description\">\n\t\t\t\tNon lamentarsi, essere felici, tenere la testa alta, ridere tanto, mantenere le promesse, non disperarsi mai, essere sinceri, credere in se stessi, amarsi.\t\t\t<\/div>\n\t\t\t\t\t<\/div>\n\t\t\t\t\t\t\t\t<\/div>\n\t\t\t\t\t\t\t\t\t\t\t\t<div class=\"thim-ekit-team__article post-12098 page type-page status-publish hentry\">\n\t\t\t\t\t\t\t\t\t<div class=\"thim-ekit-team__thumbnail\">\n\t\t\t\t\t\t<div class=\"thim-ekit-team__image\">\n\t\t\t\t<img loading=\"lazy\" decoding=\"async\" width=\"500\" height=\"500\" src=\"https:\/\/www.centrointernazionalemontessori.com\/website\/wp-content\/uploads\/2024\/10\/Lucia-Bagnetti.jpg\" class=\"attachment-full size-full wp-image-13332\" alt=\"\" srcset=\"https:\/\/www.centrointernazionalemontessori.com\/website\/wp-content\/uploads\/2024\/10\/Lucia-Bagnetti.jpg 500w, https:\/\/www.centrointernazionalemontessori.com\/website\/wp-content\/uploads\/2024\/10\/Lucia-Bagnetti-300x300.jpg 300w, https:\/\/www.centrointernazionalemontessori.com\/website\/wp-content\/uploads\/2024\/10\/Lucia-Bagnetti-150x150.jpg 150w\" sizes=\"(max-width: 500px) 100vw, 500px\" \/>\t\t\t<\/div>\n\t\t\t\t\t\t<div class=\"thim-ekit-team__list-social\"><div class=\"thim-ekit-team__social\"><a ><i class=\"fab fa-facebook-f\" aria-hidden=\"true\"><\/i><\/a>\n\t\t\t\t<\/div><\/div>\t\t<\/div>\n\t\t\t\t<div class=\"thim-ekit-team__content\">\n\t\t<div class=\"thim-ekit-team__member-name\">Lucia Bagnetti<\/div>\t\t\t<div class=\"thim-ekit-team__member-position\">\n\t\t\t\tSegreteria Didattica\t\t\t<\/div>\n\t\t\t\t\t<\/div>\n\t\t\t\t\t\t\t\t<\/div>\n\t\t\t\t\t\t\t\t\t<\/div>\n\t\t<\/div>\n\n\t\t\t\t\t\t<\/div>\n\t\t\t\t<\/div>\n\t\t\t\t\t<\/div>\n\t\t<\/div>\n\t\t\t\t\t<\/div>\n\t\t<\/section>\n\t\t\t\t<\/div>\n\t\t","protected":false},"excerpt":{"rendered":"<p>Home Competenza e disponibilit\u00e0 Direzione Valeria Mazzetti Coordinatrice delle attivit\u00e0 didattiche Azzurra Virgulti Vice Preside Segreteria Marta Berti Segreteria Didattica Cominciate col fare ci\u00f2 che \u00e8 necessario, poi ci\u00f2 che \u00e8 possibile. E all\u2019improvviso vi sorprenderete a fare l\u2019impossibile. (San &hellip; <\/p>\n","protected":false},"author":1,"featured_media":0,"parent":0,"menu_order":0,"comment_status":"closed","ping_status":"closed","template":"elementor_header_footer","meta":{"footnotes":""},"class_list":["post-12098","page","type-page","status-publish","hentry"],"yoast_head":"<!-- This site is optimized with the Yoast SEO plugin v27.1.1 - https:\/\/yoast.com\/product\/yoast-seo-wordpress\/ -->\n<title>La segreteria - Centro Internazionale Maria Montessori Perugia<\/title>\n<meta name=\"robots\" content=\"index, follow, max-snippet:-1, max-image-preview:large, max-video-preview:-1\" \/>\n<link rel=\"canonical\" href=\"https:\/\/www.centrointernazionalemontessori.com\/website\/la-segreteria\/\" \/>\n<meta property=\"og:locale\" content=\"it_IT\" \/>\n<meta property=\"og:type\" content=\"article\" \/>\n<meta property=\"og:title\" content=\"La segreteria - Centro Internazionale Maria Montessori Perugia\" \/>\n<meta property=\"og:description\" content=\"Home Competenza e disponibilit\u00e0 Direzione Valeria Mazzetti Coordinatrice delle attivit\u00e0 didattiche Azzurra Virgulti Vice Preside Segreteria Marta Berti Segreteria Didattica Cominciate col fare ci\u00f2 che \u00e8 necessario, poi ci\u00f2 che \u00e8 possibile. E all\u2019improvviso vi sorprenderete a fare l\u2019impossibile. (San &hellip;\" \/>\n<meta property=\"og:url\" content=\"https:\/\/www.centrointernazionalemontessori.com\/website\/la-segreteria\/\" \/>\n<meta property=\"og:site_name\" content=\"Centro Internazionale Maria Montessori Perugia\" \/>\n<meta property=\"article:publisher\" content=\"https:\/\/www.facebook.com\/centromontessoriperugia\" \/>\n<meta property=\"article:modified_time\" content=\"2025-10-06T15:11:20+00:00\" \/>\n<meta property=\"og:image\" content=\"https:\/\/www.centrointernazionalemontessori.com\/website\/wp-content\/uploads\/2024\/05\/valeria-mazzetti.jpg\" \/>\n\t<meta property=\"og:image:width\" content=\"500\" \/>\n\t<meta property=\"og:image:height\" content=\"500\" \/>\n\t<meta property=\"og:image:type\" content=\"image\/jpeg\" \/>\n<meta name=\"twitter:card\" content=\"summary_large_image\" \/>\n<meta name=\"twitter:label1\" content=\"Tempo di lettura stimato\" \/>\n\t<meta name=\"twitter:data1\" content=\"2 minuti\" \/>\n<script type=\"application\/ld+json\" class=\"yoast-schema-graph\">{\"@context\":\"https:\/\/schema.org\",\"@graph\":[{\"@type\":\"WebPage\",\"@id\":\"https:\/\/www.centrointernazionalemontessori.com\/website\/la-segreteria\/\",\"url\":\"https:\/\/www.centrointernazionalemontessori.com\/website\/la-segreteria\/\",\"name\":\"La segreteria - Centro Internazionale Maria Montessori Perugia\",\"isPartOf\":{\"@id\":\"https:\/\/www.centrointernazionalemontessori.com\/website\/#website\"},\"primaryImageOfPage\":{\"@id\":\"https:\/\/www.centrointernazionalemontessori.com\/website\/la-segreteria\/#primaryimage\"},\"image\":{\"@id\":\"https:\/\/www.centrointernazionalemontessori.com\/website\/la-segreteria\/#primaryimage\"},\"thumbnailUrl\":\"https:\/\/www.centrointernazionalemontessori.com\/website\/wp-content\/uploads\/2024\/05\/valeria-mazzetti.jpg\",\"datePublished\":\"2024-05-22T20:03:39+00:00\",\"dateModified\":\"2025-10-06T15:11:20+00:00\",\"breadcrumb\":{\"@id\":\"https:\/\/www.centrointernazionalemontessori.com\/website\/la-segreteria\/#breadcrumb\"},\"inLanguage\":\"it-IT\",\"potentialAction\":[{\"@type\":\"ReadAction\",\"target\":[\"https:\/\/www.centrointernazionalemontessori.com\/website\/la-segreteria\/\"]}]},{\"@type\":\"ImageObject\",\"inLanguage\":\"it-IT\",\"@id\":\"https:\/\/www.centrointernazionalemontessori.com\/website\/la-segreteria\/#primaryimage\",\"url\":\"https:\/\/www.centrointernazionalemontessori.com\/website\/wp-content\/uploads\/2024\/05\/valeria-mazzetti.jpg\",\"contentUrl\":\"https:\/\/www.centrointernazionalemontessori.com\/website\/wp-content\/uploads\/2024\/05\/valeria-mazzetti.jpg\",\"width\":500,\"height\":500},{\"@type\":\"BreadcrumbList\",\"@id\":\"https:\/\/www.centrointernazionalemontessori.com\/website\/la-segreteria\/#breadcrumb\",\"itemListElement\":[{\"@type\":\"ListItem\",\"position\":1,\"name\":\"Home\",\"item\":\"https:\/\/www.centrointernazionalemontessori.com\/website\/\"},{\"@type\":\"ListItem\",\"position\":2,\"name\":\"La segreteria\"}]},{\"@type\":\"WebSite\",\"@id\":\"https:\/\/www.centrointernazionalemontessori.com\/website\/#website\",\"url\":\"https:\/\/www.centrointernazionalemontessori.com\/website\/\",\"name\":\"Centro Internazionale Maria Montessori Perugia\",\"description\":\"Scuola paritaria bilingue\",\"publisher\":{\"@id\":\"https:\/\/www.centrointernazionalemontessori.com\/website\/#organization\"},\"potentialAction\":[{\"@type\":\"SearchAction\",\"target\":{\"@type\":\"EntryPoint\",\"urlTemplate\":\"https:\/\/www.centrointernazionalemontessori.com\/website\/?s={search_term_string}\"},\"query-input\":{\"@type\":\"PropertyValueSpecification\",\"valueRequired\":true,\"valueName\":\"search_term_string\"}}],\"inLanguage\":\"it-IT\"},{\"@type\":\"Organization\",\"@id\":\"https:\/\/www.centrointernazionalemontessori.com\/website\/#organization\",\"name\":\"Centro Internazionale Maria Montessori Perugia\",\"url\":\"https:\/\/www.centrointernazionalemontessori.com\/website\/\",\"logo\":{\"@type\":\"ImageObject\",\"inLanguage\":\"it-IT\",\"@id\":\"https:\/\/www.centrointernazionalemontessori.com\/website\/#\/schema\/logo\/image\/\",\"url\":\"https:\/\/www.centrointernazionalemontessori.com\/website\/wp-content\/uploads\/2024\/03\/logo-web.png\",\"contentUrl\":\"https:\/\/www.centrointernazionalemontessori.com\/website\/wp-content\/uploads\/2024\/03\/logo-web.png\",\"width\":500,\"height\":500,\"caption\":\"Centro Internazionale Maria Montessori Perugia\"},\"image\":{\"@id\":\"https:\/\/www.centrointernazionalemontessori.com\/website\/#\/schema\/logo\/image\/\"},\"sameAs\":[\"https:\/\/www.facebook.com\/centromontessoriperugia\",\"https:\/\/www.instagram.com\/centrointernazionalemontessori\/\",\"https:\/\/www.youtube.com\/@ScuolaMontessoriPg\"]}]}<\/script>\n<!-- \/ Yoast SEO plugin. -->","yoast_head_json":{"title":"La segreteria - Centro Internazionale Maria Montessori Perugia","robots":{"index":"index","follow":"follow","max-snippet":"max-snippet:-1","max-image-preview":"max-image-preview:large","max-video-preview":"max-video-preview:-1"},"canonical":"https:\/\/www.centrointernazionalemontessori.com\/website\/la-segreteria\/","og_locale":"it_IT","og_type":"article","og_title":"La segreteria - Centro Internazionale Maria Montessori Perugia","og_description":"Home Competenza e disponibilit\u00e0 Direzione Valeria Mazzetti Coordinatrice delle attivit\u00e0 didattiche Azzurra Virgulti Vice Preside Segreteria Marta Berti Segreteria Didattica Cominciate col fare ci\u00f2 che \u00e8 necessario, poi ci\u00f2 che \u00e8 possibile. E all\u2019improvviso vi sorprenderete a fare l\u2019impossibile. (San &hellip;","og_url":"https:\/\/www.centrointernazionalemontessori.com\/website\/la-segreteria\/","og_site_name":"Centro Internazionale Maria Montessori Perugia","article_publisher":"https:\/\/www.facebook.com\/centromontessoriperugia","article_modified_time":"2025-10-06T15:11:20+00:00","og_image":[{"width":500,"height":500,"url":"https:\/\/www.centrointernazionalemontessori.com\/website\/wp-content\/uploads\/2024\/05\/valeria-mazzetti.jpg","type":"image\/jpeg"}],"twitter_card":"summary_large_image","twitter_misc":{"Tempo di lettura stimato":"2 minuti"},"schema":{"@context":"https:\/\/schema.org","@graph":[{"@type":"WebPage","@id":"https:\/\/www.centrointernazionalemontessori.com\/website\/la-segreteria\/","url":"https:\/\/www.centrointernazionalemontessori.com\/website\/la-segreteria\/","name":"La segreteria - Centro Internazionale Maria Montessori Perugia","isPartOf":{"@id":"https:\/\/www.centrointernazionalemontessori.com\/website\/#website"},"primaryImageOfPage":{"@id":"https:\/\/www.centrointernazionalemontessori.com\/website\/la-segreteria\/#primaryimage"},"image":{"@id":"https:\/\/www.centrointernazionalemontessori.com\/website\/la-segreteria\/#primaryimage"},"thumbnailUrl":"https:\/\/www.centrointernazionalemontessori.com\/website\/wp-content\/uploads\/2024\/05\/valeria-mazzetti.jpg","datePublished":"2024-05-22T20:03:39+00:00","dateModified":"2025-10-06T15:11:20+00:00","breadcrumb":{"@id":"https:\/\/www.centrointernazionalemontessori.com\/website\/la-segreteria\/#breadcrumb"},"inLanguage":"it-IT","potentialAction":[{"@type":"ReadAction","target":["https:\/\/www.centrointernazionalemontessori.com\/website\/la-segreteria\/"]}]},{"@type":"ImageObject","inLanguage":"it-IT","@id":"https:\/\/www.centrointernazionalemontessori.com\/website\/la-segreteria\/#primaryimage","url":"https:\/\/www.centrointernazionalemontessori.com\/website\/wp-content\/uploads\/2024\/05\/valeria-mazzetti.jpg","contentUrl":"https:\/\/www.centrointernazionalemontessori.com\/website\/wp-content\/uploads\/2024\/05\/valeria-mazzetti.jpg","width":500,"height":500},{"@type":"BreadcrumbList","@id":"https:\/\/www.centrointernazionalemontessori.com\/website\/la-segreteria\/#breadcrumb","itemListElement":[{"@type":"ListItem","position":1,"name":"Home","item":"https:\/\/www.centrointernazionalemontessori.com\/website\/"},{"@type":"ListItem","position":2,"name":"La segreteria"}]},{"@type":"WebSite","@id":"https:\/\/www.centrointernazionalemontessori.com\/website\/#website","url":"https:\/\/www.centrointernazionalemontessori.com\/website\/","name":"Centro Internazionale Maria Montessori Perugia","description":"Scuola paritaria bilingue","publisher":{"@id":"https:\/\/www.centrointernazionalemontessori.com\/website\/#organization"},"potentialAction":[{"@type":"SearchAction","target":{"@type":"EntryPoint","urlTemplate":"https:\/\/www.centrointernazionalemontessori.com\/website\/?s={search_term_string}"},"query-input":{"@type":"PropertyValueSpecification","valueRequired":true,"valueName":"search_term_string"}}],"inLanguage":"it-IT"},{"@type":"Organization","@id":"https:\/\/www.centrointernazionalemontessori.com\/website\/#organization","name":"Centro Internazionale Maria Montessori Perugia","url":"https:\/\/www.centrointernazionalemontessori.com\/website\/","logo":{"@type":"ImageObject","inLanguage":"it-IT","@id":"https:\/\/www.centrointernazionalemontessori.com\/website\/#\/schema\/logo\/image\/","url":"https:\/\/www.centrointernazionalemontessori.com\/website\/wp-content\/uploads\/2024\/03\/logo-web.png","contentUrl":"https:\/\/www.centrointernazionalemontessori.com\/website\/wp-content\/uploads\/2024\/03\/logo-web.png","width":500,"height":500,"caption":"Centro Internazionale Maria Montessori Perugia"},"image":{"@id":"https:\/\/www.centrointernazionalemontessori.com\/website\/#\/schema\/logo\/image\/"},"sameAs":["https:\/\/www.facebook.com\/centromontessoriperugia","https:\/\/www.instagram.com\/centrointernazionalemontessori\/","https:\/\/www.youtube.com\/@ScuolaMontessoriPg"]}]}},"_links":{"self":[{"href":"https:\/\/www.centrointernazionalemontessori.com\/website\/wp-json\/wp\/v2\/pages\/12098","targetHints":{"allow":["GET"]}}],"collection":[{"href":"https:\/\/www.centrointernazionalemontessori.com\/website\/wp-json\/wp\/v2\/pages"}],"about":[{"href":"https:\/\/www.centrointernazionalemontessori.com\/website\/wp-json\/wp\/v2\/types\/page"}],"author":[{"embeddable":true,"href":"https:\/\/www.centrointernazionalemontessori.com\/website\/wp-json\/wp\/v2\/users\/1"}],"replies":[{"embeddable":true,"href":"https:\/\/www.centrointernazionalemontessori.com\/website\/wp-json\/wp\/v2\/comments?post=12098"}],"version-history":[{"count":31,"href":"https:\/\/www.centrointernazionalemontessori.com\/website\/wp-json\/wp\/v2\/pages\/12098\/revisions"}],"predecessor-version":[{"id":13618,"href":"https:\/\/www.centrointernazionalemontessori.com\/website\/wp-json\/wp\/v2\/pages\/12098\/revisions\/13618"}],"wp:attachment":[{"href":"https:\/\/www.centrointernazionalemontessori.com\/website\/wp-json\/wp\/v2\/media?parent=12098"}],"curies":[{"name":"wp","href":"https:\/\/api.w.org\/{rel}","templated":true}]}}